{"id":1539,"date":"2020-12-04T10:19:52","date_gmt":"2020-12-04T10:19:52","guid":{"rendered":"https:\/\/inducore.effectdev.cloud\/?page_id=1539"},"modified":"2020-12-15T13:57:52","modified_gmt":"2020-12-15T13:57:52","slug":"ythantering","status":"publish","type":"page","link":"https:\/\/svanstromslackeringar.effectdev.cloud\/index.php\/ythantering\/","title":{"rendered":"Ythantering"},"content":{"rendered":"\t\t<div data-elementor-type=\"wp-page\" data-elementor-id=\"1539\" class=\"elementor elementor-1539\" data-elementor-settings=\"[]\">\n\t\t\t\t\t\t<div class=\"elementor-inner\">\n\t\t\t\t\t\t\t<div class=\"elementor-section-wrap\">\n\t\t\t\t\t\t\t<section class=\"has_eae_slider elementor-section elementor-top-section elementor-element elementor-element-5dc8ea3c elementor-section-height-min-height elementor-section-items-stretch elementor-section-boxed elementor-section-height-default\" data-id=\"5dc8ea3c\" data-element_type=\"section\" data-settings=\"{&quot;background_background&quot;:&quot;classic&quot;}\">\n\t\t\t\t\t\t<div class=\"elementor-container elementor-column-gap-default\">\n\t\t\t\t\t\t\t<div class=\"elementor-row\">\n\t\t\t\t\t<div class=\"has_eae_slider elementor-column elementor-col-100 elementor-top-column elementor-element elementor-element-63bb7c51\" data-id=\"63bb7c51\" data-element_type=\"column\">\n\t\t\t<div class=\"elementor-column-wrap\">\n\t\t\t\t\t\t\t<div class=\"elementor-widget-wrap\">\n\t\t\t\t\t\t\t\t<\/div>\n\t\t\t\t\t<\/div>\n\t\t<\/div>\n\t\t\t\t\t\t\t\t<\/div>\n\t\t\t\t\t<\/div>\n\t\t<\/section>\n\t\t\t\t<section class=\"has_eae_slider elementor-section elementor-top-section elementor-element elementor-element-4a269bb6 elementor-section-boxed elementor-section-height-default elementor-section-height-default\" data-id=\"4a269bb6\" data-element_type=\"section\" data-settings=\"{&quot;background_background&quot;:&quot;classic&quot;}\">\n\t\t\t\t\t\t<div class=\"elementor-container elementor-column-gap-default\">\n\t\t\t\t\t\t\t<div class=\"elementor-row\">\n\t\t\t\t\t<div class=\"has_eae_slider elementor-column elementor-col-100 elementor-top-column elementor-element elementor-element-61f13867\" data-id=\"61f13867\" data-element_type=\"column\">\n\t\t\t<div class=\"elementor-column-wrap elementor-element-populated\">\n\t\t\t\t\t\t\t<div class=\"elementor-widget-wrap\">\n\t\t\t\t\t\t<section class=\"has_eae_slider elementor-section elementor-inner-section elementor-element elementor-element-2c722cd5 elementor-section-content-middle elementor-section-boxed elementor-section-height-default elementor-section-height-default\" data-id=\"2c722cd5\" data-element_type=\"section\" data-settings=\"{&quot;background_background&quot;:&quot;classic&quot;}\">\n\t\t\t\t\t\t<div class=\"elementor-container elementor-column-gap-default\">\n\t\t\t\t\t\t\t<div class=\"elementor-row\">\n\t\t\t\t\t<div class=\"has_eae_slider elementor-column elementor-col-50 elementor-inner-column elementor-element elementor-element-288b7cc7\" data-id=\"288b7cc7\" data-element_type=\"column\">\n\t\t\t<div class=\"elementor-column-wrap elementor-element-populated\">\n\t\t\t\t\t\t\t<div class=\"elementor-widget-wrap\">\n\t\t\t\t\t\t<div class=\"elementor-element elementor-element-2a7d4621 elementor-widget elementor-widget-heading\" data-id=\"2a7d4621\" data-element_type=\"widget\" data-widget_type=\"heading.default\">\n\t\t\t\t<div class=\"elementor-widget-container\">\n\t\t\t<h2 class=\"elementor-heading-title elementor-size-default\">Surface treatment<\/h2>\t\t<\/div>\n\t\t\t\t<\/div>\n\t\t\t\t<div class=\"elementor-element elementor-element-5798f244 elementor-widget elementor-widget-text-editor\" data-id=\"5798f244\" data-element_type=\"widget\" data-widget_type=\"text-editor.default\">\n\t\t\t\t<div class=\"elementor-widget-container\">\n\t\t\t\t\t\t\t\t<div class=\"elementor-text-editor elementor-clearfix\">\n\t\t\t\t\t<p>We offer surface treatment including wet painting and powder coating. With long experience and in close cooperation with our customers, we have developed methods to meet the high quality requirements that are set. Staying close to the customer is as always a part of our foundation and we do this by being responsive and agile in both actions and communication.<\/p>\t\t\t\t\t<\/div>\n\t\t\t\t\t\t<\/div>\n\t\t\t\t<\/div>\n\t\t\t\t\t\t<\/div>\n\t\t\t\t\t<\/div>\n\t\t<\/div>\n\t\t\t\t<div class=\"has_eae_slider elementor-column elementor-col-50 elementor-inner-column elementor-element elementor-element-227504b6\" data-id=\"227504b6\" data-element_type=\"column\">\n\t\t\t<div class=\"elementor-column-wrap elementor-element-populated\">\n\t\t\t\t\t\t\t<div class=\"elementor-widget-wrap\">\n\t\t\t\t\t\t<div class=\"elementor-element elementor-element-5831d5d1 elementor-widget elementor-widget-image\" data-id=\"5831d5d1\" data-element_type=\"widget\" data-widget_type=\"image.default\">\n\t\t\t\t<div class=\"elementor-widget-container\">\n\t\t\t\t\t\t\t\t<div class=\"elementor-image\">\n\t\t\t\t\t\t\t\t\t\t\t\t<img src=\"https:\/\/svanstromslackeringar.effectdev.cloud\/wp-content\/uploads\/elementor\/thumbs\/surface-ozp8oqltoasww0f6e4kt7iymm5ld3kuachthefh98g.png\" title=\"surface\" alt=\"surface\" \/>\t\t\t\t\t\t\t\t\t\t\t\t\t\t<\/div>\n\t\t\t\t\t\t<\/div>\n\t\t\t\t<\/div>\n\t\t\t\t\t\t<\/div>\n\t\t\t\t\t<\/div>\n\t\t<\/div>\n\t\t\t\t\t\t\t\t<\/div>\n\t\t\t\t\t<\/div>\n\t\t<\/section>\n\t\t\t\t\t\t<\/div>\n\t\t\t\t\t<\/div>\n\t\t<\/div>\n\t\t\t\t\t\t\t\t<\/div>\n\t\t\t\t\t<\/div>\n\t\t<\/section>\n\t\t\t\t<section class=\"has_eae_slider elementor-section elementor-top-section elementor-element elementor-element-44be161a elementor-section-boxed elementor-section-height-default elementor-section-height-default\" data-id=\"44be161a\" data-element_type=\"section\" data-settings=\"{&quot;background_background&quot;:&quot;classic&quot;}\">\n\t\t\t\t\t\t<div class=\"elementor-container elementor-column-gap-default\">\n\t\t\t\t\t\t\t<div class=\"elementor-row\">\n\t\t\t\t\t<div class=\"has_eae_slider elementor-column elementor-col-100 elementor-top-column elementor-element elementor-element-3cd2aa15\" data-id=\"3cd2aa15\" data-element_type=\"column\">\n\t\t\t<div class=\"elementor-column-wrap elementor-element-populated\">\n\t\t\t\t\t\t\t<div class=\"elementor-widget-wrap\">\n\t\t\t\t\t\t<section class=\"has_eae_slider elementor-section elementor-inner-section elementor-element elementor-element-130c98c1 elementor-section-boxed elementor-section-height-default elementor-section-height-default\" data-id=\"130c98c1\" data-element_type=\"section\" data-settings=\"{&quot;background_background&quot;:&quot;classic&quot;}\">\n\t\t\t\t\t\t<div class=\"elementor-container elementor-column-gap-default\">\n\t\t\t\t\t\t\t<div class=\"elementor-row\">\n\t\t\t\t\t<div class=\"has_eae_slider elementor-column elementor-col-50 elementor-inner-column elementor-element elementor-element-38596c94\" data-id=\"38596c94\" data-element_type=\"column\" data-settings=\"{&quot;background_background&quot;:&quot;classic&quot;}\">\n\t\t\t<div class=\"elementor-column-wrap\">\n\t\t\t\t\t\t\t<div class=\"elementor-widget-wrap\">\n\t\t\t\t\t\t\t\t<\/div>\n\t\t\t\t\t<\/div>\n\t\t<\/div>\n\t\t\t\t<div class=\"has_eae_slider elementor-column elementor-col-50 elementor-inner-column elementor-element elementor-element-75e861a3\" data-id=\"75e861a3\" data-element_type=\"column\" data-settings=\"{&quot;background_background&quot;:&quot;classic&quot;}\">\n\t\t\t<div class=\"elementor-column-wrap elementor-element-populated\">\n\t\t\t\t\t\t\t<div class=\"elementor-widget-wrap\">\n\t\t\t\t\t\t<div class=\"elementor-element elementor-element-1cbea651 elementor-widget elementor-widget-image\" data-id=\"1cbea651\" data-element_type=\"widget\" data-widget_type=\"image.default\">\n\t\t\t\t<div class=\"elementor-widget-container\">\n\t\t\t\t\t\t\t\t<div class=\"elementor-image\">\n\t\t\t\t\t\t\t\t\t\t\t\t<img src=\"https:\/\/svanstromslackeringar.effectdev.cloud\/wp-content\/uploads\/elementor\/thumbs\/surface-ozp8oqlv0jey02yun2a8tmosddt11b9bgx2yvbidf6.png\" title=\"surface\" alt=\"surface\" \/>\t\t\t\t\t\t\t\t\t\t\t\t\t\t<\/div>\n\t\t\t\t\t\t<\/div>\n\t\t\t\t<\/div>\n\t\t\t\t<div class=\"elementor-element elementor-element-34620f2f elementor-widget elementor-widget-heading\" data-id=\"34620f2f\" data-element_type=\"widget\" data-widget_type=\"heading.default\">\n\t\t\t\t<div class=\"elementor-widget-container\">\n\t\t\t<h2 class=\"elementor-heading-title elementor-size-default\">Flexibility<\/h2>\t\t<\/div>\n\t\t\t\t<\/div>\n\t\t\t\t<div class=\"elementor-element elementor-element-2e2342b9 elementor-widget elementor-widget-text-editor\" data-id=\"2e2342b9\" data-element_type=\"widget\" data-widget_type=\"text-editor.default\">\n\t\t\t\t<div class=\"elementor-widget-container\">\n\t\t\t\t\t\t\t\t<div class=\"elementor-text-editor elementor-clearfix\">\n\t\t\t\t\t<div id=\"blockitem_258\" class=\"blockitem block_text\"><div class=\"block_body block_radius \"><div id=\"block_padding_258\" class=\"block_padding block_radius\"><div id=\"block_content_258\" class=\"block_content block_radius \">Our customers come from various industrial segments, including the energy and forest industry.<\/div><div class=\"block_content block_radius \"><br \/>Surface finishing of components can be both aesthetic and technical to meet the requirements of the customer in their final application. The production is mainly focused on smaller series of parts with short lead times and quick changes in the production flow.<\/div><div class=\"block_content block_radius \"><br \/>We have two plants for surface treatment, one of which can handle goods for wet painting with lengths up to about 20 meters.<\/div><div class=\"block_content block_radius \"><br \/>In our wet painting plant for smaller goods, we have invested in a state-of-the-art painting- equipment which increases our capacity.<\/div><\/div><\/div><\/div>\t\t\t\t\t<\/div>\n\t\t\t\t\t\t<\/div>\n\t\t\t\t<\/div>\n\t\t\t\t\t\t<\/div>\n\t\t\t\t\t<\/div>\n\t\t<\/div>\n\t\t\t\t\t\t\t\t<\/div>\n\t\t\t\t\t<\/div>\n\t\t<\/section>\n\t\t\t\t\t\t<\/div>\n\t\t\t\t\t<\/div>\n\t\t<\/div>\n\t\t\t\t\t\t\t\t<\/div>\n\t\t\t\t\t<\/div>\n\t\t<\/section>\n\t\t\t\t<section class=\"has_eae_slider elementor-section elementor-top-section elementor-element elementor-element-5807e24b elementor-section-boxed elementor-section-height-default elementor-section-height-default\" data-id=\"5807e24b\" data-element_type=\"section\" data-settings=\"{&quot;background_background&quot;:&quot;classic&quot;}\">\n\t\t\t\t\t\t<div class=\"elementor-container elementor-column-gap-default\">\n\t\t\t\t\t\t\t<div class=\"elementor-row\">\n\t\t\t\t\t<div class=\"has_eae_slider elementor-column elementor-col-100 elementor-top-column elementor-element elementor-element-6fb9697b\" data-id=\"6fb9697b\" data-element_type=\"column\">\n\t\t\t<div class=\"elementor-column-wrap elementor-element-populated\">\n\t\t\t\t\t\t\t<div class=\"elementor-widget-wrap\">\n\t\t\t\t\t\t<div class=\"elementor-element elementor-element-4567831 elementor-widget elementor-widget-template\" data-id=\"4567831\" data-element_type=\"widget\" data-widget_type=\"template.default\">\n\t\t\t\t<div class=\"elementor-widget-container\">\n\t\t\t\t\t<div class=\"elementor-template\">\n\t\t\t\t\t<div data-elementor-type=\"page\" data-elementor-id=\"1120\" class=\"elementor elementor-1120\" data-elementor-settings=\"[]\">\n\t\t\t\t\t\t<div class=\"elementor-inner\">\n\t\t\t\t\t\t\t<div class=\"elementor-section-wrap\">\n\t\t\t\t\t\t\t<section class=\"has_eae_slider elementor-section elementor-top-section elementor-element elementor-element-9263f97 elementor-section-full_width elementor-section-height-default elementor-section-height-default\" data-id=\"9263f97\" data-element_type=\"section\">\n\t\t\t\t\t\t<div class=\"elementor-container elementor-column-gap-default\">\n\t\t\t\t\t\t\t<div class=\"elementor-row\">\n\t\t\t\t\t<div class=\"has_eae_slider elementor-column elementor-col-100 elementor-top-column elementor-element elementor-element-91d9100\" data-id=\"91d9100\" data-element_type=\"column\">\n\t\t\t<div class=\"elementor-column-wrap elementor-element-populated\">\n\t\t\t\t\t\t\t<div class=\"elementor-widget-wrap\">\n\t\t\t\t\t\t<div class=\"elementor-element elementor-element-6ba3ed4 elementor-widget elementor-widget-template\" data-id=\"6ba3ed4\" data-element_type=\"widget\" data-widget_type=\"template.default\">\n\t\t\t\t<div class=\"elementor-widget-container\">\n\t\t\t\t\t<div class=\"elementor-template\">\n\t\t\t\t\t<div data-elementor-type=\"section\" data-elementor-id=\"1108\" class=\"elementor elementor-1108\" data-elementor-settings=\"[]\">\n\t\t<div class=\"elementor-section-wrap\">\n\t\t\t\t\t<section class=\"has_eae_slider elementor-section elementor-inner-section elementor-element elementor-element-648b5928 elementor-section-boxed elementor-section-height-default elementor-section-height-default\" data-id=\"648b5928\" data-element_type=\"section\" data-settings=\"{&quot;background_background&quot;:&quot;classic&quot;}\">\n\t\t\t\t\t\t<div class=\"elementor-container elementor-column-gap-default\">\n\t\t\t\t\t\t\t<div class=\"elementor-row\">\n\t\t\t\t\t<div class=\"has_eae_slider elementor-column elementor-col-50 elementor-inner-column elementor-element elementor-element-2739719b\" data-id=\"2739719b\" data-element_type=\"column\" data-settings=\"{&quot;background_background&quot;:&quot;classic&quot;}\">\n\t\t\t<div class=\"elementor-column-wrap elementor-element-populated\">\n\t\t\t\t\t\t\t<div class=\"elementor-widget-wrap\">\n\t\t\t\t\t\t<div class=\"elementor-element elementor-element-31010c49 elementor-widget elementor-widget-heading\" data-id=\"31010c49\" data-element_type=\"widget\" data-widget_type=\"heading.default\">\n\t\t\t\t<div class=\"elementor-widget-container\">\n\t\t\t<h2 class=\"elementor-heading-title elementor-size-default\">Kontakta oss<\/h2>\t\t<\/div>\n\t\t\t\t<\/div>\n\t\t\t\t<div class=\"elementor-element elementor-element-4f359a83 elementor-widget elementor-widget-text-editor\" data-id=\"4f359a83\" data-element_type=\"widget\" data-widget_type=\"text-editor.default\">\n\t\t\t\t<div class=\"elementor-widget-container\">\n\t\t\t\t\t\t\t\t<div class=\"elementor-text-editor elementor-clearfix\">\n\t\t\t\t\t<p>Svanstr\u00f6ms \u00e4r ett ytbehandlingsf\u00f6retag som har kunder bland annat inom energi-, skogs- och industrisektorn. Slutkunder finns b\u00e5de i Sverige och runt om i Europa. Svanstr\u00f6ms har verksamhet i Smedjebacken s\u00f6der om Ludvika.<\/p>\t\t\t\t\t<\/div>\n\t\t\t\t\t\t<\/div>\n\t\t\t\t<\/div>\n\t\t\t\t\t\t<\/div>\n\t\t\t\t\t<\/div>\n\t\t<\/div>\n\t\t\t\t<div class=\"has_eae_slider elementor-column elementor-col-50 elementor-inner-column elementor-element elementor-element-41a881aa\" data-id=\"41a881aa\" data-element_type=\"column\" data-settings=\"{&quot;background_background&quot;:&quot;classic&quot;}\">\n\t\t\t<div class=\"elementor-column-wrap elementor-element-populated\">\n\t\t\t\t\t\t\t<div class=\"elementor-widget-wrap\">\n\t\t\t\t\t\t<div class=\"elementor-element elementor-element-5fa1ed5d elementor-align-center elementor-widget elementor-widget-button\" data-id=\"5fa1ed5d\" data-element_type=\"widget\" data-widget_type=\"button.default\">\n\t\t\t\t<div class=\"elementor-widget-container\">\n\t\t\t\t\t<div class=\"elementor-button-wrapper\">\n\t\t\t<a href=\"https:\/\/svanstromslackeringar.effectdev.cloud\/index.php\/kontakt\/\" class=\"elementor-button-link elementor-button elementor-size-md\" role=\"button\">\n\t\t\t\t\t\t<span class=\"elementor-button-content-wrapper\">\n\t\t\t\t\t\t<span class=\"elementor-button-text\">Kontakta oss<\/span>\n\t\t<\/span>\n\t\t\t\t\t<\/a>\n\t\t<\/div>\n\t\t\t\t<\/div>\n\t\t\t\t<\/div>\n\t\t\t\t\t\t<\/div>\n\t\t\t\t\t<\/div>\n\t\t<\/div>\n\t\t\t\t\t\t\t\t<\/div>\n\t\t\t\t\t<\/div>\n\t\t<\/section>\n\t\t\t\t<\/div>\n\t\t<\/div>\n\t\t\t\t<\/div>\n\t\t\t\t<\/div>\n\t\t\t\t<\/div>\n\t\t\t\t\t\t<\/div>\n\t\t\t\t\t<\/div>\n\t\t<\/div>\n\t\t\t\t\t\t\t\t<\/div>\n\t\t\t\t\t<\/div>\n\t\t<\/section>\n\t\t\t\t\t\t<\/div>\n\t\t\t\t\t\t<\/div>\n\t\t\t\t\t<\/div>\n\t\t\t\t<\/div>\n\t\t\t\t<\/div>\n\t\t\t\t<\/div>\n\t\t\t\t\t\t<\/div>\n\t\t\t\t\t<\/div>\n\t\t<\/div>\n\t\t\t\t\t\t\t\t<\/div>\n\t\t\t\t\t<\/div>\n\t\t<\/section>\n\t\t\t\t\t\t<\/div>\n\t\t\t\t\t\t<\/div>\n\t\t\t\t\t<\/div>\n\t\t","protected":false},"excerpt":{"rendered":"<p>Surface treatment We offer surface treatment including wet painting and powder coating. With long experience and in close cooperation with our customers, we have developed methods to meet the high quality requirements that are set. Staying close to the customer is as always a part of our foundation and we do this by being responsive [&hellip;]<\/p>\n","protected":false},"author":3,"featured_media":0,"parent":0,"menu_order":0,"comment_status":"closed","ping_status":"closed","template":"","meta":[],"yoast_head":"<!-- This site is optimized with the Yoast SEO plugin v16.2 - https:\/\/yoast.com\/wordpress\/plugins\/seo\/ -->\n<title>Ythantering - Svanstr\u00f6m<\/title>\n<meta name=\"robots\" content=\"noindex, follow, max-snippet:-1, max-image-preview:large, max-video-preview:-1\" \/>\n<meta property=\"og:locale\" content=\"sv_SE\" \/>\n<meta property=\"og:type\" content=\"article\" \/>\n<meta property=\"og:title\" content=\"Ythantering - Svanstr\u00f6m\" \/>\n<meta property=\"og:description\" content=\"Surface treatment We offer surface treatment including wet painting and powder coating. With long experience and in close cooperation with our customers, we have developed methods to meet the high quality requirements that are set. Staying close to the customer is as always a part of our foundation and we do this by being responsive [&hellip;]\" \/>\n<meta property=\"og:url\" content=\"https:\/\/svanstromslackeringar.effectdev.cloud\/index.php\/ythantering\/\" \/>\n<meta property=\"og:site_name\" content=\"Svanstr\u00f6m\" \/>\n<meta property=\"article:modified_time\" content=\"2020-12-15T13:57:52+00:00\" \/>\n<meta property=\"og:image\" content=\"https:\/\/svanstromslackeringar.effectdev.cloud\/wp-content\/uploads\/elementor\/thumbs\/surface-ozp8oqltoasww0f6e4kt7iymm5ld3kuachthefh98g.png\" \/>\n<meta name=\"twitter:card\" content=\"summary_large_image\" \/>\n<meta name=\"twitter:label1\" content=\"Ber\u00e4knad l\u00e4stid\">\n\t<meta name=\"twitter:data1\" content=\"1 minut\">\n<script type=\"application\/ld+json\" class=\"yoast-schema-graph\">{\"@context\":\"https:\/\/schema.org\",\"@graph\":[{\"@type\":\"WebSite\",\"@id\":\"https:\/\/svanstromslackeringar.effectdev.cloud\/#website\",\"url\":\"https:\/\/svanstromslackeringar.effectdev.cloud\/\",\"name\":\"Svanstr\\u00f6m\",\"description\":\"- part of Inducore\",\"potentialAction\":[{\"@type\":\"SearchAction\",\"target\":\"https:\/\/svanstromslackeringar.effectdev.cloud\/?s={search_term_string}\",\"query-input\":\"required name=search_term_string\"}],\"inLanguage\":\"sv-SE\"},{\"@type\":\"ImageObject\",\"@id\":\"https:\/\/svanstromslackeringar.effectdev.cloud\/index.php\/ythantering\/#primaryimage\",\"inLanguage\":\"sv-SE\",\"url\":\"https:\/\/svanstromslackeringar.effectdev.cloud\/wp-content\/uploads\/elementor\/thumbs\/surface-ozp8oqltoasww0f6e4kt7iymm5ld3kuachthefh98g.png\",\"contentUrl\":\"https:\/\/svanstromslackeringar.effectdev.cloud\/wp-content\/uploads\/elementor\/thumbs\/surface-ozp8oqltoasww0f6e4kt7iymm5ld3kuachthefh98g.png\"},{\"@type\":\"WebPage\",\"@id\":\"https:\/\/svanstromslackeringar.effectdev.cloud\/index.php\/ythantering\/#webpage\",\"url\":\"https:\/\/svanstromslackeringar.effectdev.cloud\/index.php\/ythantering\/\",\"name\":\"Ythantering - Svanstr\\u00f6m\",\"isPartOf\":{\"@id\":\"https:\/\/svanstromslackeringar.effectdev.cloud\/#website\"},\"primaryImageOfPage\":{\"@id\":\"https:\/\/svanstromslackeringar.effectdev.cloud\/index.php\/ythantering\/#primaryimage\"},\"datePublished\":\"2020-12-04T10:19:52+00:00\",\"dateModified\":\"2020-12-15T13:57:52+00:00\",\"breadcrumb\":{\"@id\":\"https:\/\/svanstromslackeringar.effectdev.cloud\/index.php\/ythantering\/#breadcrumb\"},\"inLanguage\":\"sv-SE\",\"potentialAction\":[{\"@type\":\"ReadAction\",\"target\":[\"https:\/\/svanstromslackeringar.effectdev.cloud\/index.php\/ythantering\/\"]}]},{\"@type\":\"BreadcrumbList\",\"@id\":\"https:\/\/svanstromslackeringar.effectdev.cloud\/index.php\/ythantering\/#breadcrumb\",\"itemListElement\":[{\"@type\":\"ListItem\",\"position\":1,\"item\":{\"@type\":\"WebPage\",\"@id\":\"https:\/\/svanstromslackeringar.effectdev.cloud\/\",\"url\":\"https:\/\/svanstromslackeringar.effectdev.cloud\/\",\"name\":\"Home\"}},{\"@type\":\"ListItem\",\"position\":2,\"item\":{\"@id\":\"https:\/\/svanstromslackeringar.effectdev.cloud\/index.php\/ythantering\/#webpage\"}}]}]}<\/script>\n<!-- \/ Yoast SEO plugin. -->","_links":{"self":[{"href":"https:\/\/svanstromslackeringar.effectdev.cloud\/index.php\/wp-json\/wp\/v2\/pages\/1539"}],"collection":[{"href":"https:\/\/svanstromslackeringar.effectdev.cloud\/index.php\/wp-json\/wp\/v2\/pages"}],"about":[{"href":"https:\/\/svanstromslackeringar.effectdev.cloud\/index.php\/wp-json\/wp\/v2\/types\/page"}],"author":[{"embeddable":true,"href":"https:\/\/svanstromslackeringar.effectdev.cloud\/index.php\/wp-json\/wp\/v2\/users\/3"}],"replies":[{"embeddable":true,"href":"https:\/\/svanstromslackeringar.effectdev.cloud\/index.php\/wp-json\/wp\/v2\/comments?post=1539"}],"version-history":[{"count":14,"href":"https:\/\/svanstromslackeringar.effectdev.cloud\/index.php\/wp-json\/wp\/v2\/pages\/1539\/revisions"}],"predecessor-version":[{"id":1798,"href":"https:\/\/svanstromslackeringar.effectdev.cloud\/index.php\/wp-json\/wp\/v2\/pages\/1539\/revisions\/1798"}],"wp:attachment":[{"href":"https:\/\/svanstromslackeringar.effectdev.cloud\/index.php\/wp-json\/wp\/v2\/media?parent=1539"}],"curies":[{"name":"wp","href":"https:\/\/api.w.org\/{rel}","templated":true}]}}