{"id":372,"date":"2020-11-16T11:04:21","date_gmt":"2020-11-16T11:04:21","guid":{"rendered":"https:\/\/axipto.effectdev.cloud\/?page_id=372"},"modified":"2021-03-29T13:06:37","modified_gmt":"2021-03-29T13:06:37","slug":"kontakt","status":"publish","type":"page","link":"https:\/\/svanstromslackeringar.effectdev.cloud\/index.php\/kontakt\/","title":{"rendered":"Kontakt"},"content":{"rendered":"\t\t<div data-elementor-type=\"wp-page\" data-elementor-id=\"372\" class=\"elementor elementor-372\" data-elementor-settings=\"[]\">\n\t\t\t\t\t\t<div class=\"elementor-inner\">\n\t\t\t\t\t\t\t<div class=\"elementor-section-wrap\">\n\t\t\t\t\t\t\t<section class=\"has_eae_slider elementor-section elementor-top-section elementor-element elementor-element-56ec6c3 elementor-section-height-min-height elementor-section-items-stretch elementor-section-boxed elementor-section-height-default\" data-id=\"56ec6c3\" data-element_type=\"section\" data-settings=\"{&quot;background_background&quot;:&quot;classic&quot;}\">\n\t\t\t\t\t\t\t<div class=\"elementor-background-overlay\"><\/div>\n\t\t\t\t\t\t\t<div class=\"elementor-container elementor-column-gap-default\">\n\t\t\t\t\t\t\t<div class=\"elementor-row\">\n\t\t\t\t\t<div class=\"has_eae_slider elementor-column elementor-col-100 elementor-top-column elementor-element elementor-element-840f044\" data-id=\"840f044\" data-element_type=\"column\">\n\t\t\t<div class=\"elementor-column-wrap elementor-element-populated\">\n\t\t\t\t\t\t\t<div class=\"elementor-widget-wrap\">\n\t\t\t\t\t\t<div class=\"elementor-element elementor-element-eef17d2 elementor-widget elementor-widget-heading\" data-id=\"eef17d2\" data-element_type=\"widget\" data-widget_type=\"heading.default\">\n\t\t\t\t<div class=\"elementor-widget-container\">\n\t\t\t<h1 class=\"elementor-heading-title elementor-size-default\">Kontakt<\/h1>\t\t<\/div>\n\t\t\t\t<\/div>\n\t\t\t\t\t\t<\/div>\n\t\t\t\t\t<\/div>\n\t\t<\/div>\n\t\t\t\t\t\t\t\t<\/div>\n\t\t\t\t\t<\/div>\n\t\t<\/section>\n\t\t\t\t<section class=\"has_eae_slider elementor-section elementor-top-section elementor-element elementor-element-c69adbe elementor-section-boxed elementor-section-height-default elementor-section-height-default\" data-id=\"c69adbe\" data-element_type=\"section\" data-settings=\"{&quot;background_background&quot;:&quot;classic&quot;}\">\n\t\t\t\t\t\t<div class=\"elementor-container elementor-column-gap-default\">\n\t\t\t\t\t\t\t<div class=\"elementor-row\">\n\t\t\t\t\t<div class=\"has_eae_slider elementor-column elementor-col-100 elementor-top-column elementor-element elementor-element-38397f2\" data-id=\"38397f2\" data-element_type=\"column\">\n\t\t\t<div class=\"elementor-column-wrap elementor-element-populated\">\n\t\t\t\t\t\t\t<div class=\"elementor-widget-wrap\">\n\t\t\t\t\t\t<section class=\"has_eae_slider elementor-section elementor-inner-section elementor-element elementor-element-f7d08f2 elementor-section-boxed elementor-section-height-default elementor-section-height-default\" data-id=\"f7d08f2\" data-element_type=\"section\" data-settings=\"{&quot;background_background&quot;:&quot;classic&quot;}\">\n\t\t\t\t\t\t<div class=\"elementor-container elementor-column-gap-default\">\n\t\t\t\t\t\t\t<div class=\"elementor-row\">\n\t\t\t\t\t<div class=\"has_eae_slider elementor-column elementor-col-50 elementor-inner-column elementor-element elementor-element-a56ada2\" data-id=\"a56ada2\" data-element_type=\"column\">\n\t\t\t<div class=\"elementor-column-wrap elementor-element-populated\">\n\t\t\t\t\t\t\t<div class=\"elementor-widget-wrap\">\n\t\t\t\t\t\t<div class=\"elementor-element elementor-element-819bf73 elementor-widget elementor-widget-heading\" data-id=\"819bf73\" data-element_type=\"widget\" data-widget_type=\"heading.default\">\n\t\t\t\t<div class=\"elementor-widget-container\">\n\t\t\t<h2 class=\"elementor-heading-title elementor-size-default\">Svanstr\u00f6ms Lackeringar AB<\/h2>\t\t<\/div>\n\t\t\t\t<\/div>\n\t\t\t\t<div class=\"elementor-element elementor-element-839f726 elementor-widget elementor-widget-text-editor\" data-id=\"839f726\" data-element_type=\"widget\" data-widget_type=\"text-editor.default\">\n\t\t\t\t<div class=\"elementor-widget-container\">\n\t\t\t\t\t\t\t\t<div class=\"elementor-text-editor elementor-clearfix\">\n\t\t\t\t\t<article id=\"text-4\" class=\"large-3 columns widget widget_text\"><div class=\"textwidget\"><p>Adress: Thenors v\u00e4g 3, 777 34 Smedjebacken<br \/>Telefon: +46 240 754 00.<\/p><p>Order och orderbekr\u00e4ftelse skall skickas till: <a href=\"mailto:order@svanstromslackeringar.se\">order@svanstromslackeringar.se<\/a><br \/>\u00d6vrig kontakt skickas till:<br \/><span id=\"cloak0d3d4b86e27eef35d1bbde97b898610c\"><a href=\"mailto:info@svanstromslackeringar.se\">info@svanstromslackeringar.se<\/a><\/span><\/p><\/div><\/article>\t\t\t\t\t<\/div>\n\t\t\t\t\t\t<\/div>\n\t\t\t\t<\/div>\n\t\t\t\t\t\t<\/div>\n\t\t\t\t\t<\/div>\n\t\t<\/div>\n\t\t\t\t<div class=\"has_eae_slider elementor-column elementor-col-50 elementor-inner-column elementor-element elementor-element-54a6716\" data-id=\"54a6716\" data-element_type=\"column\">\n\t\t\t<div class=\"elementor-column-wrap elementor-element-populated\">\n\t\t\t\t\t\t\t<div class=\"elementor-widget-wrap\">\n\t\t\t\t\t\t<div class=\"elementor-element elementor-element-8bc0f03 elementor-widget elementor-widget-google_maps\" data-id=\"8bc0f03\" data-element_type=\"widget\" data-widget_type=\"google_maps.default\">\n\t\t\t\t<div class=\"elementor-widget-container\">\n\t\t\t<div class=\"elementor-custom-embed\"><iframe frameborder=\"0\" scrolling=\"no\" marginheight=\"0\" marginwidth=\"0\" src=\"https:\/\/maps.google.com\/maps?q=Thenors%20v%C3%A4g%203%2C%20777%2034%20Smedjebacken&amp;t=m&amp;z=12&amp;output=embed&amp;iwloc=near\" title=\"Thenors v\u00e4g 3, 777 34 Smedjebacken\" aria-label=\"Thenors v\u00e4g 3, 777 34 Smedjebacken\"><\/iframe><\/div>\t\t<\/div>\n\t\t\t\t<\/div>\n\t\t\t\t\t\t<\/div>\n\t\t\t\t\t<\/div>\n\t\t<\/div>\n\t\t\t\t\t\t\t\t<\/div>\n\t\t\t\t\t<\/div>\n\t\t<\/section>\n\t\t\t\t\t\t<\/div>\n\t\t\t\t\t<\/div>\n\t\t<\/div>\n\t\t\t\t\t\t\t\t<\/div>\n\t\t\t\t\t<\/div>\n\t\t<\/section>\n\t\t\t\t\t\t<\/div>\n\t\t\t\t\t\t<\/div>\n\t\t\t\t\t<\/div>\n\t\t","protected":false},"excerpt":{"rendered":"<p>Kontakt Svanstr\u00f6ms Lackeringar AB Adress: Thenors v\u00e4g 3, 777 34 SmedjebackenTelefon: +46 240 754 00. Order och orderbekr\u00e4ftelse skall skickas till: order@svanstromslackeringar.se\u00d6vrig kontakt skickas till:info@svanstromslackeringar.se<\/p>\n","protected":false},"author":1,"featured_media":0,"parent":0,"menu_order":0,"comment_status":"closed","ping_status":"closed","template":"","meta":[],"yoast_head":"<!-- This site is optimized with the Yoast SEO plugin v16.2 - https:\/\/yoast.com\/wordpress\/plugins\/seo\/ -->\n<title>Kontakt - Svanstr\u00f6m<\/title>\n<meta name=\"robots\" content=\"noindex, follow, max-snippet:-1, max-image-preview:large, max-video-preview:-1\" \/>\n<meta property=\"og:locale\" content=\"sv_SE\" \/>\n<meta property=\"og:type\" content=\"article\" \/>\n<meta property=\"og:title\" content=\"Kontakt - Svanstr\u00f6m\" \/>\n<meta property=\"og:description\" content=\"Kontakt Svanstr\u00f6ms Lackeringar AB Adress: Thenors v\u00e4g 3, 777 34 SmedjebackenTelefon: +46 240 754 00. Order och orderbekr\u00e4ftelse skall skickas till: order@svanstromslackeringar.se\u00d6vrig kontakt skickas till:info@svanstromslackeringar.se\" \/>\n<meta property=\"og:url\" content=\"https:\/\/svanstromslackeringar.effectdev.cloud\/index.php\/kontakt\/\" \/>\n<meta property=\"og:site_name\" content=\"Svanstr\u00f6m\" \/>\n<meta property=\"article:modified_time\" content=\"2021-03-29T13:06:37+00:00\" \/>\n<meta name=\"twitter:card\" content=\"summary_large_image\" \/>\n<script type=\"application\/ld+json\" class=\"yoast-schema-graph\">{\"@context\":\"https:\/\/schema.org\",\"@graph\":[{\"@type\":\"WebSite\",\"@id\":\"https:\/\/svanstromslackeringar.effectdev.cloud\/#website\",\"url\":\"https:\/\/svanstromslackeringar.effectdev.cloud\/\",\"name\":\"Svanstr\\u00f6m\",\"description\":\"- part of Inducore\",\"potentialAction\":[{\"@type\":\"SearchAction\",\"target\":\"https:\/\/svanstromslackeringar.effectdev.cloud\/?s={search_term_string}\",\"query-input\":\"required name=search_term_string\"}],\"inLanguage\":\"sv-SE\"},{\"@type\":\"WebPage\",\"@id\":\"https:\/\/svanstromslackeringar.effectdev.cloud\/index.php\/kontakt\/#webpage\",\"url\":\"https:\/\/svanstromslackeringar.effectdev.cloud\/index.php\/kontakt\/\",\"name\":\"Kontakt - Svanstr\\u00f6m\",\"isPartOf\":{\"@id\":\"https:\/\/svanstromslackeringar.effectdev.cloud\/#website\"},\"datePublished\":\"2020-11-16T11:04:21+00:00\",\"dateModified\":\"2021-03-29T13:06:37+00:00\",\"breadcrumb\":{\"@id\":\"https:\/\/svanstromslackeringar.effectdev.cloud\/index.php\/kontakt\/#breadcrumb\"},\"inLanguage\":\"sv-SE\",\"potentialAction\":[{\"@type\":\"ReadAction\",\"target\":[\"https:\/\/svanstromslackeringar.effectdev.cloud\/index.php\/kontakt\/\"]}]},{\"@type\":\"BreadcrumbList\",\"@id\":\"https:\/\/svanstromslackeringar.effectdev.cloud\/index.php\/kontakt\/#breadcrumb\",\"itemListElement\":[{\"@type\":\"ListItem\",\"position\":1,\"item\":{\"@type\":\"WebPage\",\"@id\":\"https:\/\/svanstromslackeringar.effectdev.cloud\/\",\"url\":\"https:\/\/svanstromslackeringar.effectdev.cloud\/\",\"name\":\"Home\"}},{\"@type\":\"ListItem\",\"position\":2,\"item\":{\"@id\":\"https:\/\/svanstromslackeringar.effectdev.cloud\/index.php\/kontakt\/#webpage\"}}]}]}<\/script>\n<!-- \/ Yoast SEO plugin. -->","_links":{"self":[{"href":"https:\/\/svanstromslackeringar.effectdev.cloud\/index.php\/wp-json\/wp\/v2\/pages\/372"}],"collection":[{"href":"https:\/\/svanstromslackeringar.effectdev.cloud\/index.php\/wp-json\/wp\/v2\/pages"}],"about":[{"href":"https:\/\/svanstromslackeringar.effectdev.cloud\/index.php\/wp-json\/wp\/v2\/types\/page"}],"author":[{"embeddable":true,"href":"https:\/\/svanstromslackeringar.effectdev.cloud\/index.php\/wp-json\/wp\/v2\/users\/1"}],"replies":[{"embeddable":true,"href":"https:\/\/svanstromslackeringar.effectdev.cloud\/index.php\/wp-json\/wp\/v2\/comments?post=372"}],"version-history":[{"count":142,"href":"https:\/\/svanstromslackeringar.effectdev.cloud\/index.php\/wp-json\/wp\/v2\/pages\/372\/revisions"}],"predecessor-version":[{"id":1833,"href":"https:\/\/svanstromslackeringar.effectdev.cloud\/index.php\/wp-json\/wp\/v2\/pages\/372\/revisions\/1833"}],"wp:attachment":[{"href":"https:\/\/svanstromslackeringar.effectdev.cloud\/index.php\/wp-json\/wp\/v2\/media?parent=372"}],"curies":[{"name":"wp","href":"https:\/\/api.w.org\/{rel}","templated":true}]}}