{"id":917,"date":"2020-11-19T13:01:09","date_gmt":"2020-11-19T13:01:09","guid":{"rendered":"https:\/\/axipto.effectdev.cloud\/?page_id=917"},"modified":"2021-03-31T06:12:19","modified_gmt":"2021-03-31T06:12:19","slug":"nyheter","status":"publish","type":"page","link":"https:\/\/svanstromslackeringar.effectdev.cloud\/index.php\/nyheter\/","title":{"rendered":"Nyheter"},"content":{"rendered":"\t\t<div data-elementor-type=\"wp-page\" data-elementor-id=\"917\" class=\"elementor elementor-917\" data-elementor-settings=\"[]\">\n\t\t\t\t\t\t<div class=\"elementor-inner\">\n\t\t\t\t\t\t\t<div class=\"elementor-section-wrap\">\n\t\t\t\t\t\t\t<section class=\"has_eae_slider elementor-section elementor-top-section elementor-element elementor-element-5043790f elementor-section-height-min-height elementor-section-items-stretch elementor-section-boxed elementor-section-height-default\" data-id=\"5043790f\" data-element_type=\"section\" data-settings=\"{&quot;background_background&quot;:&quot;classic&quot;}\">\n\t\t\t\t\t\t\t<div class=\"elementor-background-overlay\"><\/div>\n\t\t\t\t\t\t\t<div class=\"elementor-container elementor-column-gap-default\">\n\t\t\t\t\t\t\t<div class=\"elementor-row\">\n\t\t\t\t\t<div class=\"has_eae_slider elementor-column elementor-col-100 elementor-top-column elementor-element elementor-element-67068480\" data-id=\"67068480\" data-element_type=\"column\">\n\t\t\t<div class=\"elementor-column-wrap elementor-element-populated\">\n\t\t\t\t\t\t\t<div class=\"elementor-widget-wrap\">\n\t\t\t\t\t\t<section class=\"has_eae_slider elementor-section elementor-inner-section elementor-element elementor-element-2379cc elementor-section-boxed elementor-section-height-default elementor-section-height-default\" data-id=\"2379cc\" data-element_type=\"section\">\n\t\t\t\t\t\t<div class=\"elementor-container elementor-column-gap-default\">\n\t\t\t\t\t\t\t<div class=\"elementor-row\">\n\t\t\t\t\t<div class=\"has_eae_slider elementor-column elementor-col-100 elementor-inner-column elementor-element elementor-element-3af08ba1\" data-id=\"3af08ba1\" data-element_type=\"column\">\n\t\t\t<div class=\"elementor-column-wrap elementor-element-populated\">\n\t\t\t\t\t\t\t<div class=\"elementor-widget-wrap\">\n\t\t\t\t\t\t<div class=\"elementor-element elementor-element-b8ab145 elementor-widget elementor-widget-heading\" data-id=\"b8ab145\" data-element_type=\"widget\" data-widget_type=\"heading.default\">\n\t\t\t\t<div class=\"elementor-widget-container\">\n\t\t\t<h1 class=\"elementor-heading-title elementor-size-default\">Nyheter<\/h1>\t\t<\/div>\n\t\t\t\t<\/div>\n\t\t\t\t<div class=\"elementor-element elementor-element-7833a798 elementor-widget elementor-widget-text-editor\" data-id=\"7833a798\" data-element_type=\"widget\" data-widget_type=\"text-editor.default\">\n\t\t\t\t<div class=\"elementor-widget-container\">\n\t\t\t\t\t\t\t\t<div class=\"elementor-text-editor elementor-clearfix\">\n\t\t\t\t\t<p>Senaste nytt fr\u00e5n Svanstr\u00f6ms<\/p>\t\t\t\t\t<\/div>\n\t\t\t\t\t\t<\/div>\n\t\t\t\t<\/div>\n\t\t\t\t\t\t<\/div>\n\t\t\t\t\t<\/div>\n\t\t<\/div>\n\t\t\t\t\t\t\t\t<\/div>\n\t\t\t\t\t<\/div>\n\t\t<\/section>\n\t\t\t\t\t\t<\/div>\n\t\t\t\t\t<\/div>\n\t\t<\/div>\n\t\t\t\t\t\t\t\t<\/div>\n\t\t\t\t\t<\/div>\n\t\t<\/section>\n\t\t\t\t<section class=\"has_eae_slider elementor-section elementor-top-section elementor-element elementor-element-67d39105 elementor-section-boxed elementor-section-height-default elementor-section-height-default\" data-id=\"67d39105\" data-element_type=\"section\" data-settings=\"{&quot;background_background&quot;:&quot;classic&quot;}\">\n\t\t\t\t\t\t<div class=\"elementor-container elementor-column-gap-default\">\n\t\t\t\t\t\t\t<div class=\"elementor-row\">\n\t\t\t\t\t<div class=\"has_eae_slider elementor-column elementor-col-100 elementor-top-column elementor-element elementor-element-6167df06\" data-id=\"6167df06\" data-element_type=\"column\">\n\t\t\t<div class=\"elementor-column-wrap elementor-element-populated\">\n\t\t\t\t\t\t\t<div class=\"elementor-widget-wrap\">\n\t\t\t\t\t\t<div class=\"elementor-element elementor-element-f69b585 elementor-grid-1 elementor-posts--thumbnail-top elementor-grid-tablet-2 elementor-grid-mobile-1 elementor-widget elementor-widget-posts\" data-id=\"f69b585\" data-element_type=\"widget\" data-settings=\"{&quot;custom_columns&quot;:&quot;1&quot;,&quot;custom_columns_tablet&quot;:&quot;2&quot;,&quot;custom_columns_mobile&quot;:&quot;1&quot;,&quot;custom_row_gap&quot;:{&quot;unit&quot;:&quot;px&quot;,&quot;size&quot;:35,&quot;sizes&quot;:[]}}\" data-widget_type=\"posts.custom\">\n\t\t\t\t<div class=\"elementor-widget-container\">\n\t\t\t      <div class=\"ecs-posts elementor-posts-container elementor-posts   elementor-grid elementor-posts--skin-custom\" data-settings=\"{&quot;current_page&quot;:1,&quot;max_num_pages&quot;:1,&quot;load_method&quot;:&quot;&quot;,&quot;widget_id&quot;:&quot;f69b585&quot;,&quot;post_id&quot;:917,&quot;theme_id&quot;:917,&quot;change_url&quot;:false,&quot;reinit_js&quot;:false}\">\n      \t\t<article id=\"post-1834\" class=\"elementor-post elementor-grid-item ecs-post-loop post-1834 post type-post status-publish format-standard has-post-thumbnail hentry category-inducore\">\n\t\t\t\t<div data-elementor-type=\"loop\" data-elementor-id=\"924\" class=\"elementor elementor-924 post-1834 post type-post status-publish format-standard has-post-thumbnail hentry category-inducore\" data-elementor-settings=\"[]\">\n\t\t<div class=\"elementor-section-wrap\">\n\t\t\t\t\t<section class=\"has_eae_slider elementor-section elementor-top-section elementor-element elementor-element-38578130 elementor-section-boxed elementor-section-height-default elementor-section-height-default\" data-id=\"38578130\" data-element_type=\"section\">\n\t\t\t\t\t\t<div class=\"elementor-container elementor-column-gap-default\">\n\t\t\t\t\t\t\t<div class=\"elementor-row\">\n\t\t\t\t\t<div class=\"has_eae_slider elementor-column elementor-col-100 elementor-top-column elementor-element elementor-element-52d43a44\" data-id=\"52d43a44\" data-element_type=\"column\" data-settings=\"{&quot;background_background&quot;:&quot;classic&quot;}\">\n\t\t\t<div class=\"elementor-column-wrap elementor-element-populated\">\n\t\t\t\t\t\t\t<div class=\"elementor-widget-wrap\">\n\t\t\t\t\t\t<section class=\"has_eae_slider elementor-section elementor-inner-section elementor-element elementor-element-ed28404 elementor-section-boxed elementor-section-height-default elementor-section-height-default\" data-id=\"ed28404\" data-element_type=\"section\">\n\t\t\t\t\t\t<div class=\"elementor-container elementor-column-gap-default\">\n\t\t\t\t\t\t\t<div class=\"elementor-row\">\n\t\t\t\t\t<div class=\"has_eae_slider elementor-column elementor-col-50 elementor-inner-column elementor-element elementor-element-7075a2c\" data-id=\"7075a2c\" data-element_type=\"column\">\n\t\t\t<div class=\"elementor-column-wrap elementor-element-populated\">\n\t\t\t\t\t\t\t<div class=\"elementor-widget-wrap\">\n\t\t\t\t\t\t<div class=\"elementor-element elementor-element-584b1e8 elementor-widget elementor-widget-text-editor\" data-id=\"584b1e8\" data-element_type=\"widget\" data-widget_type=\"text-editor.default\">\n\t\t\t\t<div class=\"elementor-widget-container\">\n\t\t\t\t\t\t\t\t<div class=\"elementor-text-editor elementor-clearfix\">\n\t\t\t\t\tmars 29, 2021\t\t\t\t\t<\/div>\n\t\t\t\t\t\t<\/div>\n\t\t\t\t<\/div>\n\t\t\t\t<div class=\"elementor-element elementor-element-2a9e5f41 elementor-widget elementor-widget-theme-post-title elementor-page-title elementor-widget-heading\" data-id=\"2a9e5f41\" data-element_type=\"widget\" data-widget_type=\"theme-post-title.default\">\n\t\t\t\t<div class=\"elementor-widget-container\">\n\t\t\t<h3 class=\"elementor-heading-title elementor-size-default\">Vi s\u00f6ker en ny Platschef<\/h3>\t\t<\/div>\n\t\t\t\t<\/div>\n\t\t\t\t<div class=\"elementor-element elementor-element-ac5684c elementor-widget elementor-widget-theme-post-content\" data-id=\"ac5684c\" data-element_type=\"widget\" data-widget_type=\"theme-post-content.default\">\n\t\t\t\t<div class=\"elementor-widget-container\">\n\t\t\t<p>Svanstr\u00f6ms Lackeringar \u00e4r ett anrikt f\u00f6retag som vill forts\u00e4tta utvecklas in i framtiden. Vi s\u00f6ker nu en ny Platschef som med b\u00e5de kunskap och entusiasm driver denna utveckling fram\u00e5t. Uppdraget \u00e4r b\u00e5de sp\u00e4nnande och utmanande, stora f\u00f6r\u00e4ndringar har gjorts d\u00e5 f\u00f6retaget nyligen investerat i en helt ny m\u00e5lningsanl\u00e4ggning. Ditt uppdrag som Platschef \u00e4r att ansvara f\u00f6r att driva Svanstr\u00f6ms Lackeringars fortsatta utveckling fram\u00e5t rent organisatoriskt, kund- och kvalitetsm\u00e4ssigt.<span id=\"more-1834\"><\/span><\/p>\n<p><strong>Dina huvudansvarsomr\u00e5den:<\/strong><\/p>\n<ul>\n<li>\u00b7att formulera verkliga strategier, planer och m\u00e5l f\u00f6r den totala verksamheten<\/li>\n<li>\u00b7att organisera och hantera den dagliga verksamheten<\/li>\n<li>\u00b7att kommunicera tydliga f\u00f6rs\u00e4ljningsm\u00e5l<\/li>\n<li>\u00b7att arbeta i n\u00e4ra kundrelationer och inspirera till att f\u00f6rverkliga nya m\u00f6jligheter p\u00e5 marknaden f\u00f6r att optimera administrativa och operativa processer i hela v\u00e4rdekedjan<\/li>\n<li>\u00b7att utveckla f\u00f6retagets varum\u00e4rke och identitet<\/li>\n<\/ul>\n<p>Idag oms\u00e4tter vi cirka 13 miljoner kronor i en organisation med 11 anst\u00e4llda. Huvudkontoret ligger i Smedjebacken, vilket blir din placeringsort och produktionen \u00e4r bel\u00e4gen i Smedjebacken p\u00e5 tv\u00e5 olika enheter.<\/p>\n<p><strong>Vem \u00e4r det vi s\u00f6ker?\u00a0<\/strong><\/p>\n<p>Det \u00e4r ett utmanande uppdrag d\u00e4r vi f\u00f6rv\u00e4ntar oss ganska mycket av dig.<\/p>\n<p>Vi vill att du har tidigare visat prov p\u00e5 att du kan driva ett modernt ledarskap med lyckat resultat samt visat prov p\u00e5 tidigare lyckade erfarenheter inom organisationsutveckling, aff\u00e4rsutveckling och f\u00f6rs\u00e4ljning. Vi vill \u00e4ven att du har erfarenhet fr\u00e5n ytbehandling, helst fr\u00e5n industri. Som person \u00e4r du engagerad, proaktiv med genuint intresse f\u00f6r ny teknik, ledarskap och organisationsutveckling kombinerat med ett drivet aff\u00e4rssinne och entrepren\u00f6rsanda. Vi tror att din f\u00f6rm\u00e5ga och ditt intresse att f\u00f6rst\u00e5 marknaden och f\u00f6rst\u00e5 kundens behov \u00e4r en avg\u00f6rande framg\u00e5ngsfaktor f\u00f6r rollen.<\/p>\n<p>Som Platschef agerar du strategisk, transparent och f\u00f6red\u00f6mligt. Du har ett ledarskap som kommunicerar tydliga m\u00e5l och f\u00f6rv\u00e4ntningar som inspirerar anst\u00e4llda till kreativitet och engagemang. Kvalitet, trivsel och l\u00f6nsamhet \u00e4r din devis.<\/p>\n<p>Vi erbjuder dig ett sp\u00e4nnande arbete med ansvar p\u00e5 b\u00e5de strategisk och operativ niv\u00e5.<\/p>\n<p>Vi fr\u00e5gor kontakta\u00a0<span id=\"cloak5bdf5d77990e49c74a9e67e29e697294\"><a href=\"mailto:annika@lemont.se\">annika@lemont.se<\/a><\/span><\/p>\n<p><strong>Ans\u00f6kan:<\/strong><\/p>\n<p>V\u00e4lkommen med Din ans\u00f6kan till\u00a0<span id=\"cloak25f5c6ce059e6819bc8a14eb2ef501d8\"><a href=\"mailto:annika@lemont.se\">annika@lemont.se<\/a><\/span><\/p>\n<p>Sista ans\u00f6kningsdag 2021-04-30<\/p>\n<p><em>Med mer \u00e4n 50 \u00e5rs erfarenhet har Svanstr\u00f6ms Lackeringar utvecklats fr\u00e5n Billackering till modernt industrim\u00e5leri.<\/em><\/p>\n<p><em>Svanstr\u00f6ms Lackeringar AB bildar tillsammans med moderbolaget, en del i Industrikoncernen Inducore.<br \/>\n<\/em><em>I Inducore-koncernen ing\u00e5r flera specialiserade operativa verksamheter som erbjuder systeml\u00f6sningar, produkter, komponenter\u00a0<\/em><em>och logistikl\u00f6sningar samt kontraktstillverkning. Verksamheten \u00e4r organiserad i tre aff\u00e4rsomr\u00e5den f\u00f6r att p\u00e5 s\u00e5 s\u00e4tt skapa ett\u00a0<\/em><em>tydligt erbjudande f\u00f6r koncernens kunder. Inducore oms\u00e4tter n\u00e4ra 1 400 MSEK och har cirka 750 personer anst\u00e4llda.\u00a0<\/em><\/p>\n<p>Annika Olofsson<\/p>\n\t\t<\/div>\n\t\t\t\t<\/div>\n\t\t\t\t\t\t<\/div>\n\t\t\t\t\t<\/div>\n\t\t<\/div>\n\t\t\t\t<div class=\"has_eae_slider elementor-column elementor-col-50 elementor-inner-column elementor-element elementor-element-0b0aa78\" data-id=\"0b0aa78\" data-element_type=\"column\">\n\t\t\t<div class=\"elementor-column-wrap elementor-element-populated\">\n\t\t\t\t\t\t\t<div class=\"elementor-widget-wrap\">\n\t\t\t\t\t\t<div class=\"elementor-element elementor-element-2296efc9 elementor-widget elementor-widget-theme-post-featured-image elementor-widget-image\" data-id=\"2296efc9\" data-element_type=\"widget\" data-widget_type=\"theme-post-featured-image.default\">\n\t\t\t\t<div class=\"elementor-widget-container\">\n\t\t\t\t\t\t\t\t<div class=\"elementor-image\">\n\t\t\t\t\t\t\t\t\t\t\t\t<img width=\"740\" height=\"502\" src=\"https:\/\/svanstromslackeringar.effectdev.cloud\/wp-content\/uploads\/2021\/03\/asset_management_.jpg\" class=\"attachment-large size-large\" alt=\"\" loading=\"lazy\" srcset=\"https:\/\/svanstromslackeringar.effectdev.cloud\/wp-content\/uploads\/2021\/03\/asset_management_.jpg 740w, https:\/\/svanstromslackeringar.effectdev.cloud\/wp-content\/uploads\/2021\/03\/asset_management_-300x204.jpg 300w\" sizes=\"(max-width: 740px) 100vw, 740px\" \/>\t\t\t\t\t\t\t\t\t\t\t\t\t\t<\/div>\n\t\t\t\t\t\t<\/div>\n\t\t\t\t<\/div>\n\t\t\t\t\t\t<\/div>\n\t\t\t\t\t<\/div>\n\t\t<\/div>\n\t\t\t\t\t\t\t\t<\/div>\n\t\t\t\t\t<\/div>\n\t\t<\/section>\n\t\t\t\t<div class=\"elementor-element elementor-element-26f1a44 elementor-widget elementor-widget-text-editor\" data-id=\"26f1a44\" data-element_type=\"widget\" data-widget_type=\"text-editor.default\">\n\t\t\t\t<div class=\"elementor-widget-container\">\n\t\t\t\t\t\t\t\t<div class=\"elementor-text-editor elementor-clearfix\">\n\t\t\t\t\t\t\t\t\t\t<\/div>\n\t\t\t\t\t\t<\/div>\n\t\t\t\t<\/div>\n\t\t\t\t<div class=\"elementor-element elementor-element-4d196c09 elementor-widget elementor-widget-text-editor\" data-id=\"4d196c09\" data-element_type=\"widget\" data-widget_type=\"text-editor.default\">\n\t\t\t\t<div class=\"elementor-widget-container\">\n\t\t\t\t\t\t\t\t<div class=\"elementor-text-editor elementor-clearfix\">\n\t\t\t\t\t\t\t\t\t\t<\/div>\n\t\t\t\t\t\t<\/div>\n\t\t\t\t<\/div>\n\t\t\t\t\t\t<\/div>\n\t\t\t\t\t<\/div>\n\t\t<\/div>\n\t\t\t\t\t\t\t\t<\/div>\n\t\t\t\t\t<\/div>\n\t\t<\/section>\n\t\t\t\t<section class=\"has_eae_slider elementor-section elementor-top-section elementor-element elementor-element-1956710 elementor-section-boxed elementor-section-height-default elementor-section-height-default\" data-id=\"1956710\" data-element_type=\"section\">\n\t\t\t\t\t\t<div class=\"elementor-container elementor-column-gap-default\">\n\t\t\t\t\t\t\t<div class=\"elementor-row\">\n\t\t\t\t\t<div class=\"has_eae_slider elementor-column elementor-col-100 elementor-top-column elementor-element elementor-element-ae3c402\" data-id=\"ae3c402\" data-element_type=\"column\">\n\t\t\t<div class=\"elementor-column-wrap\">\n\t\t\t\t\t\t\t<div class=\"elementor-widget-wrap\">\n\t\t\t\t\t\t\t\t<\/div>\n\t\t\t\t\t<\/div>\n\t\t<\/div>\n\t\t\t\t\t\t\t\t<\/div>\n\t\t\t\t\t<\/div>\n\t\t<\/section>\n\t\t\t\t<\/div>\n\t\t<\/div>\n\t\t\t\t<\/article>\n\t\t\t\t<\/div>\n\t\t\t\t<\/div>\n\t\t\t\t<\/div>\n\t\t\t\t\t\t<\/div>\n\t\t\t\t\t<\/div>\n\t\t<\/div>\n\t\t\t\t\t\t\t\t<\/div>\n\t\t\t\t\t<\/div>\n\t\t<\/section>\n\t\t\t\t<section class=\"has_eae_slider elementor-section elementor-top-section elementor-element elementor-element-51aac872 elementor-section-boxed elementor-section-height-default elementor-section-height-default\" data-id=\"51aac872\" data-element_type=\"section\" data-settings=\"{&quot;background_background&quot;:&quot;classic&quot;}\">\n\t\t\t\t\t\t<div class=\"elementor-container elementor-column-gap-default\">\n\t\t\t\t\t\t\t<div class=\"elementor-row\">\n\t\t\t\t\t<div class=\"has_eae_slider elementor-column elementor-col-100 elementor-top-column elementor-element elementor-element-50ac841d\" data-id=\"50ac841d\" data-element_type=\"column\">\n\t\t\t<div class=\"elementor-column-wrap elementor-element-populated\">\n\t\t\t\t\t\t\t<div class=\"elementor-widget-wrap\">\n\t\t\t\t\t\t<div class=\"elementor-element elementor-element-83d5e7a elementor-widget elementor-widget-template\" data-id=\"83d5e7a\" data-element_type=\"widget\" data-widget_type=\"template.default\">\n\t\t\t\t<div class=\"elementor-widget-container\">\n\t\t\t\t\t<div class=\"elementor-template\">\n\t\t\t\t\t<div data-elementor-type=\"page\" data-elementor-id=\"1120\" class=\"elementor elementor-1120\" data-elementor-settings=\"[]\">\n\t\t\t\t\t\t<div class=\"elementor-inner\">\n\t\t\t\t\t\t\t<div class=\"elementor-section-wrap\">\n\t\t\t\t\t\t\t<section class=\"has_eae_slider elementor-section elementor-top-section elementor-element elementor-element-9263f97 elementor-section-full_width elementor-section-height-default elementor-section-height-default\" data-id=\"9263f97\" data-element_type=\"section\">\n\t\t\t\t\t\t<div class=\"elementor-container elementor-column-gap-default\">\n\t\t\t\t\t\t\t<div class=\"elementor-row\">\n\t\t\t\t\t<div class=\"has_eae_slider elementor-column elementor-col-100 elementor-top-column elementor-element elementor-element-91d9100\" data-id=\"91d9100\" data-element_type=\"column\">\n\t\t\t<div class=\"elementor-column-wrap elementor-element-populated\">\n\t\t\t\t\t\t\t<div class=\"elementor-widget-wrap\">\n\t\t\t\t\t\t<div class=\"elementor-element elementor-element-6ba3ed4 elementor-widget elementor-widget-template\" data-id=\"6ba3ed4\" data-element_type=\"widget\" data-widget_type=\"template.default\">\n\t\t\t\t<div class=\"elementor-widget-container\">\n\t\t\t\t\t<div class=\"elementor-template\">\n\t\t\t\t\t<div data-elementor-type=\"section\" data-elementor-id=\"1108\" class=\"elementor elementor-1108\" data-elementor-settings=\"[]\">\n\t\t<div class=\"elementor-section-wrap\">\n\t\t\t\t\t<section class=\"has_eae_slider elementor-section elementor-inner-section elementor-element elementor-element-648b5928 elementor-section-boxed elementor-section-height-default elementor-section-height-default\" data-id=\"648b5928\" data-element_type=\"section\" data-settings=\"{&quot;background_background&quot;:&quot;classic&quot;}\">\n\t\t\t\t\t\t<div class=\"elementor-container elementor-column-gap-default\">\n\t\t\t\t\t\t\t<div class=\"elementor-row\">\n\t\t\t\t\t<div class=\"has_eae_slider elementor-column elementor-col-50 elementor-inner-column elementor-element elementor-element-2739719b\" data-id=\"2739719b\" data-element_type=\"column\" data-settings=\"{&quot;background_background&quot;:&quot;classic&quot;}\">\n\t\t\t<div class=\"elementor-column-wrap elementor-element-populated\">\n\t\t\t\t\t\t\t<div class=\"elementor-widget-wrap\">\n\t\t\t\t\t\t<div class=\"elementor-element elementor-element-31010c49 elementor-widget elementor-widget-heading\" data-id=\"31010c49\" data-element_type=\"widget\" data-widget_type=\"heading.default\">\n\t\t\t\t<div class=\"elementor-widget-container\">\n\t\t\t<h2 class=\"elementor-heading-title elementor-size-default\">Kontakta oss<\/h2>\t\t<\/div>\n\t\t\t\t<\/div>\n\t\t\t\t<div class=\"elementor-element elementor-element-4f359a83 elementor-widget elementor-widget-text-editor\" data-id=\"4f359a83\" data-element_type=\"widget\" data-widget_type=\"text-editor.default\">\n\t\t\t\t<div class=\"elementor-widget-container\">\n\t\t\t\t\t\t\t\t<div class=\"elementor-text-editor elementor-clearfix\">\n\t\t\t\t\t<p>Svanstr\u00f6ms \u00e4r ett ytbehandlingsf\u00f6retag som har kunder bland annat inom energi-, skogs- och industrisektorn. Slutkunder finns b\u00e5de i Sverige och runt om i Europa. Svanstr\u00f6ms har verksamhet i Smedjebacken s\u00f6der om Ludvika.<\/p>\t\t\t\t\t<\/div>\n\t\t\t\t\t\t<\/div>\n\t\t\t\t<\/div>\n\t\t\t\t\t\t<\/div>\n\t\t\t\t\t<\/div>\n\t\t<\/div>\n\t\t\t\t<div class=\"has_eae_slider elementor-column elementor-col-50 elementor-inner-column elementor-element elementor-element-41a881aa\" data-id=\"41a881aa\" data-element_type=\"column\" data-settings=\"{&quot;background_background&quot;:&quot;classic&quot;}\">\n\t\t\t<div class=\"elementor-column-wrap elementor-element-populated\">\n\t\t\t\t\t\t\t<div class=\"elementor-widget-wrap\">\n\t\t\t\t\t\t<div class=\"elementor-element elementor-element-5fa1ed5d elementor-align-center elementor-widget elementor-widget-button\" data-id=\"5fa1ed5d\" data-element_type=\"widget\" data-widget_type=\"button.default\">\n\t\t\t\t<div class=\"elementor-widget-container\">\n\t\t\t\t\t<div class=\"elementor-button-wrapper\">\n\t\t\t<a href=\"https:\/\/svanstromslackeringar.effectdev.cloud\/index.php\/kontakt\/\" class=\"elementor-button-link elementor-button elementor-size-md\" role=\"button\">\n\t\t\t\t\t\t<span class=\"elementor-button-content-wrapper\">\n\t\t\t\t\t\t<span class=\"elementor-button-text\">Kontakta oss<\/span>\n\t\t<\/span>\n\t\t\t\t\t<\/a>\n\t\t<\/div>\n\t\t\t\t<\/div>\n\t\t\t\t<\/div>\n\t\t\t\t\t\t<\/div>\n\t\t\t\t\t<\/div>\n\t\t<\/div>\n\t\t\t\t\t\t\t\t<\/div>\n\t\t\t\t\t<\/div>\n\t\t<\/section>\n\t\t\t\t<\/div>\n\t\t<\/div>\n\t\t\t\t<\/div>\n\t\t\t\t<\/div>\n\t\t\t\t<\/div>\n\t\t\t\t\t\t<\/div>\n\t\t\t\t\t<\/div>\n\t\t<\/div>\n\t\t\t\t\t\t\t\t<\/div>\n\t\t\t\t\t<\/div>\n\t\t<\/section>\n\t\t\t\t\t\t<\/div>\n\t\t\t\t\t\t<\/div>\n\t\t\t\t\t<\/div>\n\t\t\t\t<\/div>\n\t\t\t\t<\/div>\n\t\t\t\t<\/div>\n\t\t\t\t\t\t<\/div>\n\t\t\t\t\t<\/div>\n\t\t<\/div>\n\t\t\t\t\t\t\t\t<\/div>\n\t\t\t\t\t<\/div>\n\t\t<\/section>\n\t\t\t\t\t\t<\/div>\n\t\t\t\t\t\t<\/div>\n\t\t\t\t\t<\/div>\n\t\t","protected":false},"excerpt":{"rendered":"<p>Nyheter Senaste nytt fr\u00e5n Svanstr\u00f6ms<\/p>\n","protected":false},"author":1,"featured_media":0,"parent":0,"menu_order":0,"comment_status":"closed","ping_status":"closed","template":"","meta":[],"yoast_head":"<!-- This site is optimized with the Yoast SEO plugin v16.2 - https:\/\/yoast.com\/wordpress\/plugins\/seo\/ -->\n<title>Nyheter - Svanstr\u00f6m<\/title>\n<meta name=\"robots\" content=\"noindex, follow, max-snippet:-1, max-image-preview:large, max-video-preview:-1\" \/>\n<meta property=\"og:locale\" content=\"sv_SE\" \/>\n<meta property=\"og:type\" content=\"article\" \/>\n<meta property=\"og:title\" content=\"Nyheter - Svanstr\u00f6m\" \/>\n<meta property=\"og:description\" content=\"Nyheter Senaste nytt fr\u00e5n Svanstr\u00f6ms\" \/>\n<meta property=\"og:url\" content=\"https:\/\/svanstromslackeringar.effectdev.cloud\/index.php\/nyheter\/\" \/>\n<meta property=\"og:site_name\" content=\"Svanstr\u00f6m\" \/>\n<meta property=\"article:modified_time\" content=\"2021-03-31T06:12:19+00:00\" \/>\n<meta name=\"twitter:card\" content=\"summary_large_image\" \/>\n<script type=\"application\/ld+json\" class=\"yoast-schema-graph\">{\"@context\":\"https:\/\/schema.org\",\"@graph\":[{\"@type\":\"WebSite\",\"@id\":\"https:\/\/svanstromslackeringar.effectdev.cloud\/#website\",\"url\":\"https:\/\/svanstromslackeringar.effectdev.cloud\/\",\"name\":\"Svanstr\\u00f6m\",\"description\":\"- part of Inducore\",\"potentialAction\":[{\"@type\":\"SearchAction\",\"target\":\"https:\/\/svanstromslackeringar.effectdev.cloud\/?s={search_term_string}\",\"query-input\":\"required name=search_term_string\"}],\"inLanguage\":\"sv-SE\"},{\"@type\":\"WebPage\",\"@id\":\"https:\/\/svanstromslackeringar.effectdev.cloud\/index.php\/nyheter\/#webpage\",\"url\":\"https:\/\/svanstromslackeringar.effectdev.cloud\/index.php\/nyheter\/\",\"name\":\"Nyheter - Svanstr\\u00f6m\",\"isPartOf\":{\"@id\":\"https:\/\/svanstromslackeringar.effectdev.cloud\/#website\"},\"datePublished\":\"2020-11-19T13:01:09+00:00\",\"dateModified\":\"2021-03-31T06:12:19+00:00\",\"breadcrumb\":{\"@id\":\"https:\/\/svanstromslackeringar.effectdev.cloud\/index.php\/nyheter\/#breadcrumb\"},\"inLanguage\":\"sv-SE\",\"potentialAction\":[{\"@type\":\"ReadAction\",\"target\":[\"https:\/\/svanstromslackeringar.effectdev.cloud\/index.php\/nyheter\/\"]}]},{\"@type\":\"BreadcrumbList\",\"@id\":\"https:\/\/svanstromslackeringar.effectdev.cloud\/index.php\/nyheter\/#breadcrumb\",\"itemListElement\":[{\"@type\":\"ListItem\",\"position\":1,\"item\":{\"@type\":\"WebPage\",\"@id\":\"https:\/\/svanstromslackeringar.effectdev.cloud\/\",\"url\":\"https:\/\/svanstromslackeringar.effectdev.cloud\/\",\"name\":\"Home\"}},{\"@type\":\"ListItem\",\"position\":2,\"item\":{\"@id\":\"https:\/\/svanstromslackeringar.effectdev.cloud\/index.php\/nyheter\/#webpage\"}}]}]}<\/script>\n<!-- \/ Yoast SEO plugin. -->","_links":{"self":[{"href":"https:\/\/svanstromslackeringar.effectdev.cloud\/index.php\/wp-json\/wp\/v2\/pages\/917"}],"collection":[{"href":"https:\/\/svanstromslackeringar.effectdev.cloud\/index.php\/wp-json\/wp\/v2\/pages"}],"about":[{"href":"https:\/\/svanstromslackeringar.effectdev.cloud\/index.php\/wp-json\/wp\/v2\/types\/page"}],"author":[{"embeddable":true,"href":"https:\/\/svanstromslackeringar.effectdev.cloud\/index.php\/wp-json\/wp\/v2\/users\/1"}],"replies":[{"embeddable":true,"href":"https:\/\/svanstromslackeringar.effectdev.cloud\/index.php\/wp-json\/wp\/v2\/comments?post=917"}],"version-history":[{"count":36,"href":"https:\/\/svanstromslackeringar.effectdev.cloud\/index.php\/wp-json\/wp\/v2\/pages\/917\/revisions"}],"predecessor-version":[{"id":1880,"href":"https:\/\/svanstromslackeringar.effectdev.cloud\/index.php\/wp-json\/wp\/v2\/pages\/917\/revisions\/1880"}],"wp:attachment":[{"href":"https:\/\/svanstromslackeringar.effectdev.cloud\/index.php\/wp-json\/wp\/v2\/media?parent=917"}],"curies":[{"name":"wp","href":"https:\/\/api.w.org\/{rel}","templated":true}]}}